{"id":5615,"date":"2022-02-10T10:52:51","date_gmt":"2022-02-10T09:52:51","guid":{"rendered":"https:\/\/www.nonnastella.it\/produkte\/"},"modified":"2022-06-23T17:34:57","modified_gmt":"2022-06-23T15:34:57","slug":"typische-toskanische-produkte","status":"publish","type":"page","link":"https:\/\/www.nonnastella.it\/de\/typische-toskanische-produkte\/","title":{"rendered":"Produkte"},"content":{"rendered":"\t\t<div data-elementor-type=\"wp-page\" data-elementor-id=\"5615\" class=\"elementor elementor-5615 elementor-1627\" data-elementor-post-type=\"page\">\n\t\t\t\t\t\t<section class=\"elementor-section elementor-top-section elementor-element elementor-element-14aa944 elementor-section-full_width elementor-section-height-default elementor-section-height-default\" data-id=\"14aa944\" data-element_type=\"section\" data-e-type=\"section\" data-settings=\"{&quot;background_background&quot;:&quot;classic&quot;}\">\n\t\t\t\t\t\t\t<div class=\"elementor-background-overlay\"><\/div>\n\t\t\t\t\t\t\t<div class=\"elementor-container elementor-column-gap-default\">\n\t\t\t\t\t<div class=\"elementor-column elementor-col-100 elementor-top-column elementor-element elementor-element-9f26abb\" data-id=\"9f26abb\" data-element_type=\"column\" data-e-type=\"column\">\n\t\t\t<div class=\"elementor-widget-wrap elementor-element-populated\">\n\t\t\t\t\t\t<div class=\"elementor-element elementor-element-1039bb3 elementor-widget elementor-widget-heading\" data-id=\"1039bb3\" data-element_type=\"widget\" data-e-type=\"widget\" data-widget_type=\"heading.default\">\n\t\t\t\t<div class=\"elementor-widget-container\">\n\t\t\t\t\t<h1 class=\"elementor-heading-title elementor-size-default\">Produkte<\/h1>\t\t\t\t<\/div>\n\t\t\t\t<\/div>\n\t\t\t\t\t<\/div>\n\t\t<\/div>\n\t\t\t\t\t<\/div>\n\t\t<\/section>\n\t\t\t\t<section class=\"elementor-section elementor-top-section elementor-element elementor-element-1e36a23 elementor-section-full_width elementor-section-height-default elementor-section-height-default\" data-id=\"1e36a23\" data-element_type=\"section\" data-e-type=\"section\">\n\t\t\t\t\t\t<div class=\"elementor-container elementor-column-gap-default\">\n\t\t\t\t\t<div class=\"elementor-column elementor-col-100 elementor-top-column elementor-element elementor-element-e3e9d99\" data-id=\"e3e9d99\" data-element_type=\"column\" data-e-type=\"column\">\n\t\t\t<div class=\"elementor-widget-wrap elementor-element-populated\">\n\t\t\t\t\t\t<div class=\"elementor-element elementor-element-171f0c7 elementor-widget elementor-widget-heading\" data-id=\"171f0c7\" data-element_type=\"widget\" data-e-type=\"widget\" data-widget_type=\"heading.default\">\n\t\t\t\t<div class=\"elementor-widget-container\">\n\t\t\t\t\t<h2 class=\"elementor-heading-title elementor-size-default\">Natives Oliven\u00f6l extra, Nudel-Saucen und Konfit\u00fcren, <br>aus unserem Garten direkt zu Ihnen auf den Tisch!<\/h2>\t\t\t\t<\/div>\n\t\t\t\t<\/div>\n\t\t\t\t<div class=\"elementor-element elementor-element-af5c80b elementor-widget elementor-widget-text-editor\" data-id=\"af5c80b\" data-element_type=\"widget\" data-e-type=\"widget\" data-widget_type=\"text-editor.default\">\n\t\t\t\t<div class=\"elementor-widget-container\">\n\t\t\t\t\t\t\t\t\tAuf unserem Hof bauen wir unser eigenes Obst und Gem\u00fcse an.<br> Frisch geerntet zaubern wir daraus den authentischen Geschmack und die typischen D\u00fcfte unserer Region.\n<br><br>\n\nWir pressen auch natives Oliven\u00f6l extra, zu 100% aus eigenen Oliven.<br> Unser gro\u00dfer Olivenhain mit rund 1000 B\u00e4umen befindet sich genau zwischen unserem Feriendorf und dem Campingplatz.\t\t\t\t\t\t\t\t<\/div>\n\t\t\t\t<\/div>\n\t\t\t\t\t<\/div>\n\t\t<\/div>\n\t\t\t\t\t<\/div>\n\t\t<\/section>\n\t\t\t\t<section class=\"elementor-section elementor-top-section elementor-element elementor-element-d0e010f elementor-section-full_width elementor-section-height-default elementor-section-height-default\" data-id=\"d0e010f\" data-element_type=\"section\" data-e-type=\"section\">\n\t\t\t\t\t\t<div class=\"elementor-container elementor-column-gap-default\">\n\t\t\t\t\t<div class=\"elementor-column elementor-col-100 elementor-top-column elementor-element elementor-element-09fa989\" data-id=\"09fa989\" data-element_type=\"column\" data-e-type=\"column\">\n\t\t\t<div class=\"elementor-widget-wrap elementor-element-populated\">\n\t\t\t\t\t\t<div class=\"elementor-element elementor-element-71a9415 gallery-spacing-custom elementor-widget elementor-widget-image-gallery\" data-id=\"71a9415\" data-element_type=\"widget\" data-e-type=\"widget\" data-widget_type=\"image-gallery.default\">\n\t\t\t\t<div class=\"elementor-widget-container\">\n\t\t\t\t\t\t\t<div class=\"elementor-image-gallery\">\n\t\t\t<div id='gallery-1' class='gallery galleryid-5615 gallery-columns-4 gallery-size-full'><figure class='gallery-item'>\n\t\t\t<div class='gallery-icon landscape'>\n\t\t\t\t<a data-elementor-open-lightbox=\"yes\" data-elementor-lightbox-slideshow=\"71a9415\" data-elementor-lightbox-title=\"gallery-prodotti (1)\" data-e-action-hash=\"#elementor-action%3Aaction%3Dlightbox%26settings%3DeyJpZCI6MzY4OSwidXJsIjoiaHR0cHM6XC9cL3d3dy5ub25uYXN0ZWxsYS5pdFwvd3AtY29udGVudFwvdXBsb2Fkc1wvZ2FsbGVyeS1wcm9kb3R0aS0xLmpwZyIsInNsaWRlc2hvdyI6IjcxYTk0MTUifQ%3D%3D\" href='https:\/\/www.nonnastella.it\/wp-content\/uploads\/gallery-prodotti-1.jpg'><img fetchpriority=\"high\" decoding=\"async\" width=\"1000\" height=\"667\" src=\"https:\/\/www.nonnastella.it\/wp-content\/uploads\/gallery-prodotti-1.jpg\" class=\"attachment-full size-full\" alt=\"\" \/><\/a>\n\t\t\t<\/div><\/figure><figure class='gallery-item'>\n\t\t\t<div class='gallery-icon landscape'>\n\t\t\t\t<a data-elementor-open-lightbox=\"yes\" data-elementor-lightbox-slideshow=\"71a9415\" data-elementor-lightbox-title=\"gallery-prodotti (2)\" data-e-action-hash=\"#elementor-action%3Aaction%3Dlightbox%26settings%3DeyJpZCI6MzY5MiwidXJsIjoiaHR0cHM6XC9cL3d3dy5ub25uYXN0ZWxsYS5pdFwvd3AtY29udGVudFwvdXBsb2Fkc1wvZ2FsbGVyeS1wcm9kb3R0aS0yLmpwZyIsInNsaWRlc2hvdyI6IjcxYTk0MTUifQ%3D%3D\" href='https:\/\/www.nonnastella.it\/wp-content\/uploads\/gallery-prodotti-2.jpg'><img decoding=\"async\" width=\"1000\" height=\"667\" src=\"https:\/\/www.nonnastella.it\/wp-content\/uploads\/gallery-prodotti-2.jpg\" class=\"attachment-full size-full\" alt=\"\" \/><\/a>\n\t\t\t<\/div><\/figure><figure class='gallery-item'>\n\t\t\t<div class='gallery-icon landscape'>\n\t\t\t\t<a data-elementor-open-lightbox=\"yes\" data-elementor-lightbox-slideshow=\"71a9415\" data-elementor-lightbox-title=\"gallery-prodotti (3)\" data-e-action-hash=\"#elementor-action%3Aaction%3Dlightbox%26settings%3DeyJpZCI6MzY5NSwidXJsIjoiaHR0cHM6XC9cL3d3dy5ub25uYXN0ZWxsYS5pdFwvd3AtY29udGVudFwvdXBsb2Fkc1wvZ2FsbGVyeS1wcm9kb3R0aS0zLmpwZyIsInNsaWRlc2hvdyI6IjcxYTk0MTUifQ%3D%3D\" href='https:\/\/www.nonnastella.it\/wp-content\/uploads\/gallery-prodotti-3.jpg'><img decoding=\"async\" width=\"1000\" height=\"667\" src=\"https:\/\/www.nonnastella.it\/wp-content\/uploads\/gallery-prodotti-3.jpg\" class=\"attachment-full size-full\" alt=\"\" \/><\/a>\n\t\t\t<\/div><\/figure><figure class='gallery-item'>\n\t\t\t<div class='gallery-icon landscape'>\n\t\t\t\t<a data-elementor-open-lightbox=\"yes\" data-elementor-lightbox-slideshow=\"71a9415\" data-elementor-lightbox-title=\"gallery-prodotti (4)\" data-e-action-hash=\"#elementor-action%3Aaction%3Dlightbox%26settings%3DeyJpZCI6MzY5OCwidXJsIjoiaHR0cHM6XC9cL3d3dy5ub25uYXN0ZWxsYS5pdFwvd3AtY29udGVudFwvdXBsb2Fkc1wvZ2FsbGVyeS1wcm9kb3R0aS00LmpwZyIsInNsaWRlc2hvdyI6IjcxYTk0MTUifQ%3D%3D\" href='https:\/\/www.nonnastella.it\/wp-content\/uploads\/gallery-prodotti-4.jpg'><img loading=\"lazy\" decoding=\"async\" width=\"1000\" height=\"667\" src=\"https:\/\/www.nonnastella.it\/wp-content\/uploads\/gallery-prodotti-4.jpg\" class=\"attachment-full size-full\" alt=\"\" \/><\/a>\n\t\t\t<\/div><\/figure><figure class='gallery-item'>\n\t\t\t<div class='gallery-icon landscape'>\n\t\t\t\t<a data-elementor-open-lightbox=\"yes\" data-elementor-lightbox-slideshow=\"71a9415\" data-elementor-lightbox-title=\"gallery-prodotti (5)\" data-e-action-hash=\"#elementor-action%3Aaction%3Dlightbox%26settings%3DeyJpZCI6MzcwMSwidXJsIjoiaHR0cHM6XC9cL3d3dy5ub25uYXN0ZWxsYS5pdFwvd3AtY29udGVudFwvdXBsb2Fkc1wvZ2FsbGVyeS1wcm9kb3R0aS01LmpwZyIsInNsaWRlc2hvdyI6IjcxYTk0MTUifQ%3D%3D\" href='https:\/\/www.nonnastella.it\/wp-content\/uploads\/gallery-prodotti-5.jpg'><img loading=\"lazy\" decoding=\"async\" width=\"1000\" height=\"667\" src=\"https:\/\/www.nonnastella.it\/wp-content\/uploads\/gallery-prodotti-5.jpg\" class=\"attachment-full size-full\" alt=\"\" \/><\/a>\n\t\t\t<\/div><\/figure><figure class='gallery-item'>\n\t\t\t<div class='gallery-icon landscape'>\n\t\t\t\t<a data-elementor-open-lightbox=\"yes\" data-elementor-lightbox-slideshow=\"71a9415\" data-elementor-lightbox-title=\"gallery-prodotti (6)\" data-e-action-hash=\"#elementor-action%3Aaction%3Dlightbox%26settings%3DeyJpZCI6MzcwNCwidXJsIjoiaHR0cHM6XC9cL3d3dy5ub25uYXN0ZWxsYS5pdFwvd3AtY29udGVudFwvdXBsb2Fkc1wvZ2FsbGVyeS1wcm9kb3R0aS02LmpwZyIsInNsaWRlc2hvdyI6IjcxYTk0MTUifQ%3D%3D\" href='https:\/\/www.nonnastella.it\/wp-content\/uploads\/gallery-prodotti-6.jpg'><img loading=\"lazy\" decoding=\"async\" width=\"1000\" height=\"667\" src=\"https:\/\/www.nonnastella.it\/wp-content\/uploads\/gallery-prodotti-6.jpg\" class=\"attachment-full size-full\" alt=\"\" \/><\/a>\n\t\t\t<\/div><\/figure><figure class='gallery-item'>\n\t\t\t<div class='gallery-icon landscape'>\n\t\t\t\t<a data-elementor-open-lightbox=\"yes\" data-elementor-lightbox-slideshow=\"71a9415\" data-elementor-lightbox-title=\"gallery-prodotti (7)\" data-e-action-hash=\"#elementor-action%3Aaction%3Dlightbox%26settings%3DeyJpZCI6MzcwNywidXJsIjoiaHR0cHM6XC9cL3d3dy5ub25uYXN0ZWxsYS5pdFwvd3AtY29udGVudFwvdXBsb2Fkc1wvZ2FsbGVyeS1wcm9kb3R0aS03LmpwZyIsInNsaWRlc2hvdyI6IjcxYTk0MTUifQ%3D%3D\" href='https:\/\/www.nonnastella.it\/wp-content\/uploads\/gallery-prodotti-7.jpg'><img loading=\"lazy\" decoding=\"async\" width=\"1000\" height=\"667\" src=\"https:\/\/www.nonnastella.it\/wp-content\/uploads\/gallery-prodotti-7.jpg\" class=\"attachment-full size-full\" alt=\"\" \/><\/a>\n\t\t\t<\/div><\/figure><figure class='gallery-item'>\n\t\t\t<div class='gallery-icon landscape'>\n\t\t\t\t<a data-elementor-open-lightbox=\"yes\" data-elementor-lightbox-slideshow=\"71a9415\" data-elementor-lightbox-title=\"gallery-prodotti (8)\" data-e-action-hash=\"#elementor-action%3Aaction%3Dlightbox%26settings%3DeyJpZCI6MzgyMCwidXJsIjoiaHR0cHM6XC9cL3d3dy5ub25uYXN0ZWxsYS5pdFwvd3AtY29udGVudFwvdXBsb2Fkc1wvZ2FsbGVyeS1wcm9kb3R0aS04LmpwZyIsInNsaWRlc2hvdyI6IjcxYTk0MTUifQ%3D%3D\" href='https:\/\/www.nonnastella.it\/wp-content\/uploads\/gallery-prodotti-8.jpg'><img loading=\"lazy\" decoding=\"async\" width=\"1000\" height=\"667\" src=\"https:\/\/www.nonnastella.it\/wp-content\/uploads\/gallery-prodotti-8.jpg\" class=\"attachment-full size-full\" alt=\"\" \/><\/a>\n\t\t\t<\/div><\/figure>\n\t\t<\/div>\n\t\t<\/div>\n\t\t\t\t\t\t<\/div>\n\t\t\t\t<\/div>\n\t\t\t\t\t<\/div>\n\t\t<\/div>\n\t\t\t\t\t<\/div>\n\t\t<\/section>\n\t\t\t\t<\/div>\n\t\t","protected":false},"excerpt":{"rendered":"<p>Produkte Natives Oliven\u00f6l extra, Nudel-Saucen und Konfit\u00fcren, aus unserem Garten direkt zu Ihnen auf den Tisch! Auf unserem Hof bauen wir unser eigenes Obst und Gem\u00fcse an. Frisch geerntet zaubern wir daraus den authentischen Geschmack und die typischen D\u00fcfte unserer Region. Wir pressen auch natives Oliven\u00f6l extra, zu 100% aus eigenen Oliven. Unser gro\u00dfer Olivenhain [&hellip;]<\/p>\n","protected":false},"author":2,"featured_media":0,"parent":0,"menu_order":0,"comment_status":"closed","ping_status":"closed","template":"","meta":{"footnotes":""},"class_list":["post-5615","page","type-page","status-publish","hentry"],"_links":{"self":[{"href":"https:\/\/www.nonnastella.it\/de\/wp-json\/wp\/v2\/pages\/5615","targetHints":{"allow":["GET"]}}],"collection":[{"href":"https:\/\/www.nonnastella.it\/de\/wp-json\/wp\/v2\/pages"}],"about":[{"href":"https:\/\/www.nonnastella.it\/de\/wp-json\/wp\/v2\/types\/page"}],"author":[{"embeddable":true,"href":"https:\/\/www.nonnastella.it\/de\/wp-json\/wp\/v2\/users\/2"}],"replies":[{"embeddable":true,"href":"https:\/\/www.nonnastella.it\/de\/wp-json\/wp\/v2\/comments?post=5615"}],"version-history":[{"count":3,"href":"https:\/\/www.nonnastella.it\/de\/wp-json\/wp\/v2\/pages\/5615\/revisions"}],"predecessor-version":[{"id":5618,"href":"https:\/\/www.nonnastella.it\/de\/wp-json\/wp\/v2\/pages\/5615\/revisions\/5618"}],"wp:attachment":[{"href":"https:\/\/www.nonnastella.it\/de\/wp-json\/wp\/v2\/media?parent=5615"}],"curies":[{"name":"wp","href":"https:\/\/api.w.org\/{rel}","templated":true}]}}